{"id":320,"date":"2015-11-30T09:51:45","date_gmt":"2015-11-30T13:51:45","guid":{"rendered":"http:\/\/drraulperez.com\/en\/?page_id=320"},"modified":"2015-12-06T19:44:56","modified_gmt":"2015-12-06T23:44:56","slug":"home","status":"publish","type":"page","link":"https:\/\/drraulperez.com\/en\/","title":{"rendered":"Home"},"content":{"rendered":"[vc_row full_width=&#8221;stretch_row&#8221; center_row=&#8221;yes&#8221; typography_style=&#8221;white&#8221; bg_color=&#8221;#69c6e8&#8243; margin_bottom=&#8221;40&#8243; margin_top=&#8221;-30&#8243;][vc_column][vc_column_text css=&#8221;.vc_custom_1448891916232{padding-top: 20px !important;}&#8221;]\n<h1 style=\"text-align: center;\"><em><strong>We highlight the beauty in you! <\/strong>Discover all our procedures.<\/em><\/h1>\n[\/vc_column_text][\/vc_column][\/vc_row][vc_row][vc_column width=&#8221;1\/4&#8243;][vc_single_image image=&#8221;45&#8243; img_size=&#8221;full&#8221; alignment=&#8221;center&#8221; onclick=&#8221;custom_link&#8221; link=&#8221;http:\/\/drraulperez.com\/en\/facial-rejuvenation-surgery\/&#8221;][vc_column_text css=&#8221;.vc_custom_1448893805225{margin-bottom: 10px !important;}&#8221;]\n<h2 style=\"text-align: center;\"><a href=\"http:\/\/drraulperez.com\/en\/facial-rejuvenation-surgery\/\">Facial<br \/>\nRejuvenation<\/a><\/h2>\n<p style=\"text-align: center;\">Face Lifting (Rhytidoplasty), Blepharoplasty (Eyelids), Rhinoplasty (Nose), Otoplasty (Ears)<\/p>\n[\/vc_column_text][vc_btn title=&#8221;See Procedures&#8221; style=&#8221;custom&#8221; custom_background=&#8221;#69c6e8&#8243; custom_text=&#8221;#ffffff&#8221; align=&#8221;center&#8221; link=&#8221;url:http%3A%2F%2Fdrraulperez.com%2Fen%2Ffacial-rejuvenation-surgery%2F||&#8221;][\/vc_column][vc_column width=&#8221;1\/4&#8243;][vc_single_image image=&#8221;48&#8243; img_size=&#8221;full&#8221; alignment=&#8221;center&#8221; onclick=&#8221;custom_link&#8221; link=&#8221;http:\/\/drraulperez.com\/en\/breast-surgery\/&#8221;][vc_column_text css=&#8221;.vc_custom_1448893898384{margin-bottom: 10px !important;}&#8221;]\n<h2 style=\"text-align: center;\"><a href=\"http:\/\/drraulperez.com\/en\/breast-surgery\/\">Breast<br \/>\nSurgery<\/a><\/h2>\n<p style=\"text-align: center;\">Breast Augmentation, Breast Reduction, Breast Lift (Mastopexy), Gynecomastia(Men)<\/p>\n[\/vc_column_text][vc_btn title=&#8221;See Procedures&#8221; style=&#8221;custom&#8221; custom_background=&#8221;#d1d2d3&#8243; custom_text=&#8221;#ffffff&#8221; align=&#8221;center&#8221; link=&#8221;url:http%3A%2F%2Fdrraulperez.com%2Fen%2Fbreast-surgery%2F||&#8221;][\/vc_column][vc_column width=&#8221;1\/4&#8243;][vc_single_image image=&#8221;47&#8243; img_size=&#8221;full&#8221; alignment=&#8221;center&#8221; onclick=&#8221;custom_link&#8221; link=&#8221;http:\/\/drraulperez.com\/en\/body-surgery\/&#8221;][vc_column_text css=&#8221;.vc_custom_1448893794047{margin-bottom: 10px !important;}&#8221;]\n<h2 style=\"text-align: center;\"><a href=\"http:\/\/drraulperez.com\/en\/body-surgery\/\">Body<br \/>\nSurgery<\/a><\/h2>\n<p style=\"text-align: center;\">Abdominoplasty, Liposuction, Liposculpture (Brazilian Butt Lift), Post-bariatric Surgery, Buttock Implants<\/p>\n[\/vc_column_text][vc_btn title=&#8221;See Procedures&#8221; style=&#8221;custom&#8221; custom_background=&#8221;#69c6e8&#8243; custom_text=&#8221;#ffffff&#8221; align=&#8221;center&#8221; link=&#8221;url:http%3A%2F%2Fdrraulperez.com%2Fen%2Fbody-surgery%2F||&#8221;][\/vc_column][vc_column width=&#8221;1\/4&#8243;][vc_single_image image=&#8221;46&#8243; img_size=&#8221;full&#8221; alignment=&#8221;center&#8221; onclick=&#8221;custom_link&#8221; link=&#8221;http:\/\/drraulperez.com\/en\/complementary-procedures\/&#8221;][vc_column_text css=&#8221;.vc_custom_1448893728061{margin-bottom: 10px !important;}&#8221;]\n<h2 style=\"text-align: center;\"><a href=\"http:\/\/drraulperez.com\/en\/complementary-procedures\/\">Complementary Procedures<\/a><\/h2>\n<p style=\"text-align: center;\">For your skin we offer you; Facial Filling or Bioplasty, Botulinum toxin (Botox), Scar Resection and More..<\/p>\n[\/vc_column_text][vc_btn title=&#8221;See Procedures&#8221; style=&#8221;custom&#8221; custom_background=&#8221;#d1d2d3&#8243; custom_text=&#8221;#ffffff&#8221; align=&#8221;center&#8221; link=&#8221;url:http%3A%2F%2Fdrraulperez.com%2Fen%2Fcomplementary-procedures%2F||&#8221;][\/vc_column][\/vc_row][vc_row][vc_column]<div class=\"vcex-module vcex-divider vcex-divider-double vcex-divider-w-icon\"><div class=\"vcex-divider-icon\"><span class=\"vcex-divider-icon-before\" style=\"border-bottom-width:2px;border-top-width:2px;margin-top:-4px;\"><\/span><span class=\"vcex-icon-wrap\" style=\"font-size:24px;color:#69c6e8;\"><span class=\"entypo-icon entypo-icon-dot-3\"><\/span><\/span><span class=\"vcex-divider-icon-after\" style=\"border-bottom-width:2px;border-top-width:2px;margin-top:-4px;\"><\/span><\/div><\/div>[vc_column_text]\n<h1 style=\"text-align: center;\">Plastic Surgery in the\u00a0Dominican Republic, by\u00a0Dr. Raul Perez Pimentel<\/h1>\n[\/vc_column_text][\/vc_column][\/vc_row][vc_row margin_top=&#8221;-10&#8243;][vc_column width=&#8221;1\/4&#8243;][vc_single_image image=&#8221;75&#8243; img_size=&#8221;full&#8221; alignment=&#8221;center&#8221; style=&#8221;vc_box_border&#8221;][\/vc_column][vc_column width=&#8221;3\/4&#8243;][vc_column_text]\n<p style=\"text-align: justify;\">Dr. Ra\u00fal Alexander P\u00e9rez Pimentel was graduated as a Physician at Pontificia Universidad Cat\u00f3lica Madre y Maestra, which is located in <strong>Santiago, Dominican Republic.<\/strong> He specialized in General Surgery and Plastic and Reconstructive Surgery at Santa Casa Da Miseric\u00f3rdia hospital in <strong>Rio de Janeiro, Brasil.<\/strong> He has taken several courses and attended to numerous national and international Aesthetic and Reconstructive Meetings in order to improve his practice as a Plastic Surgeon.\u00a0<a href=\"http:\/\/drraulperez.com\/en\/dr-raul-perez-pimentel\/\">Learn more about the Doctor here<\/a><\/p>\n[\/vc_column_text][vc_single_image image=&#8221;178&#8243; img_size=&#8221;full&#8221;][\/vc_column][\/vc_row][vc_row][vc_column]<div class=\"vcex-module vcex-divider vcex-divider-double vcex-divider-w-icon\"><div class=\"vcex-divider-icon\"><span class=\"vcex-divider-icon-before\" style=\"border-bottom-width:2px;border-top-width:2px;margin-top:-4px;\"><\/span><span class=\"vcex-icon-wrap\" style=\"font-size:24px;color:#69c6e8;\"><span class=\"entypo-icon entypo-icon-dot-3\"><\/span><\/span><span class=\"vcex-divider-icon-after\" style=\"border-bottom-width:2px;border-top-width:2px;margin-top:-4px;\"><\/span><\/div><\/div>[\/vc_column][\/vc_row][vc_row margin_top=&#8221;-30&#8243;][vc_column width=&#8221;1\/2&#8243;][vc_column_text]\n<h2 style=\"text-align: center;\">Our\u00a0patients Testimonies<\/h2>\n[\/vc_column_text][vc_empty_space][vc_column_text]\t<div class=\"wtwp-testimonials-slider-wrp wptww-clearfix \" data-conf=\"{&quot;slides_column&quot;:1,&quot;slides_scroll&quot;:1,&quot;dots&quot;:&quot;true&quot;,&quot;arrows&quot;:&quot;true&quot;,&quot;autoplay&quot;:&quot;true&quot;,&quot;autoplay_interval&quot;:3000,&quot;rtl&quot;:&quot;false&quot;,&quot;speed&quot;:300,&quot;adaptive_height&quot;:&quot;false&quot;}\">\n\t\t<div id=\"wptww-testimonials-slidelist-1\" class=\"wptww-testimonials-slidelist design-2\">\n\t\t<div class=\"wptww-quote\">\r\n    <div class=\"wptww-testimonial-left\">\r\n\t\t\t\t\t<div class=\"wptww-avtar-image\"><\/div>\r\n\t\t\t<\/div>\r\n\t<div class=\"wptww-testimonial-content\">\r\n\t\t<h4>Katherine Sanchez Bonilla<\/h4>\r\n\t\t<div class=\"wptww-testimonials-text\">\r\n\t\t\t<p>\r\n\t\t\t\t <em> Blessings to you, you are tremendous surgeon and one of the best in the Dominican Republic. <\/em> \t\t\t<\/p>\r\n\t\t<\/div>\r\n\t<\/div>\r\n<\/div><div class=\"wptww-quote\">\r\n    <div class=\"wptww-testimonial-left\">\r\n\t\t\t\t\t<div class=\"wptww-avtar-image\"><\/div>\r\n\t\t\t<\/div>\r\n\t<div class=\"wptww-testimonial-content\">\r\n\t\t<h4>Grecia M Morel<\/h4>\r\n\t\t<div class=\"wptww-testimonials-text\">\r\n\t\t\t<p>\r\n\t\t\t\t <em> Doctor, Congratulations! We need more people like you. <\/em> \t\t\t<\/p>\r\n\t\t<\/div>\r\n\t<\/div>\r\n<\/div><div class=\"wptww-quote\">\r\n    <div class=\"wptww-testimonial-left\">\r\n\t\t\t\t\t<div class=\"wptww-avtar-image\"><\/div>\r\n\t\t\t<\/div>\r\n\t<div class=\"wptww-testimonial-content\">\r\n\t\t<h4>Maria de Rosa<\/h4>\r\n\t\t<div class=\"wptww-testimonials-text\">\r\n\t\t\t<p>\r\n\t\t\t\t <em> You are a true professional, always caring for the life and health of the patient before thinking on the money, I wish every doctor think like that. Blessings. <\/em> \t\t\t<\/p>\r\n\t\t<\/div>\r\n\t<\/div>\r\n<\/div>\t\t<\/div>\n\t<\/div>\n\n\t[\/vc_column_text][\/vc_column][vc_column width=&#8221;1\/2&#8243;][vc_column_text]\n<h2 style=\"text-align: center;\"><a href=\"http:\/\/drraulperez.com\/en\/photo-gallery\/\">Visit our Photo Gallery Here<\/a><\/h2>\n[\/vc_column_text][vc_column_text css=&#8221;.vc_custom_1443147534217{margin-top: 15px !important;margin-bottom: 5px !important;}&#8221;]<style id=\"bwg-style-0\">    #bwg_container1_0 #bwg_container2_0 .bwg-container-0.bwg-standard-thumbnails {      width: 364px;              justify-content: center;        margin:0 auto !important;              background-color: rgba(255, 255, 255, 0.00);            padding-left: 4px;      padding-top: 4px;      max-width: 100%;            }        #bwg_container1_0 #bwg_container2_0 .bwg-container-0.bwg-standard-thumbnails .bwg-item {    justify-content: flex-start;      max-width: 180px;            width: 180px !important;          }    #bwg_container1_0 #bwg_container2_0 .bwg-container-0.bwg-standard-thumbnails .bwg-item a {       margin-right: 4px;       margin-bottom: 4px;    }    #bwg_container1_0 #bwg_container2_0 .bwg-container-0.bwg-standard-thumbnails .bwg-item0 {      padding: 0px;            background-color:rgba(255,255,255, 0.30);      border: 0px none #CCCCCC;      opacity: 1.00;      border-radius: 0;      box-shadow: 0px 0px 0px #888888;    }    #bwg_container1_0 #bwg_container2_0 .bwg-container-0.bwg-standard-thumbnails .bwg-item1 img {      max-height: none;      max-width: none;      padding: 0 !important;    }        @media only screen and (min-width: 480px) {      #bwg_container1_0 #bwg_container2_0 .bwg-container-0.bwg-standard-thumbnails .bwg-item0 {        transition: all 0.3s ease 0s;-webkit-transition: all 0.3s ease 0s;      }      #bwg_container1_0 #bwg_container2_0 .bwg-container-0.bwg-standard-thumbnails .bwg-item0:hover {        -ms-transform: scale(1.1);        -webkit-transform: scale(1.1);        transform: scale(1.1);      }    }          #bwg_container1_0 #bwg_container2_0 .bwg-container-0.bwg-standard-thumbnails .bwg-item1 {      padding-top: 50%;    }        #bwg_container1_0 #bwg_container2_0 .bwg-container-0.bwg-standard-thumbnails .bwg-title2,    #bwg_container1_0 #bwg_container2_0 .bwg-container-0.bwg-standard-thumbnails .bwg-ecommerce2 {      color: #CCCCCC;      font-family: segoe ui;      font-size: 16px;      font-weight: bold;      padding: 2px;      text-shadow: 0px 0px 0px #888888;      max-height: 100%;    }    #bwg_container1_0 #bwg_container2_0 .bwg-container-0.bwg-standard-thumbnails .bwg-thumb-description span {    color: #323A45;    font-family: Ubuntu;    font-size: 12px;    max-height: 100%;    word-wrap: break-word;    }    #bwg_container1_0 #bwg_container2_0 .bwg-container-0.bwg-standard-thumbnails .bwg-play-icon2 {      font-size: 32px;    }    #bwg_container1_0 #bwg_container2_0 .bwg-container-0.bwg-standard-thumbnails .bwg-ecommerce2 {      font-size: 19.2px;      color: #CCCCCC;    }    <\/style>    <div id=\"bwg_container1_0\"         class=\"bwg_container bwg_thumbnail bwg_thumbnails \"         data-right-click-protection=\"1\"         data-bwg=\"0\"         data-scroll=\"0\"         data-gallery-type=\"thumbnails\"         data-gallery-view-type=\"thumbnails\"         data-current-url=\"\/en\/wp-json\/wp\/v2\/pages\/320\"         data-lightbox-url=\"https:\/\/drraulperez.com\/wp-admin\/admin-ajax.php?action=GalleryBox&#038;current_view=0&#038;gallery_id=5&#038;tag=0&#038;theme_id=1&#038;shortcode_id=2&#038;sort_by=order&#038;order_by=asc&#038;current_url=%2Fen%2Fwp-json%2Fwp%2Fv2%2Fpages%2F320\"         data-gallery-id=\"5\"         data-popup-width=\"800\"         data-popup-height=\"500\"         data-is-album=\"gallery\"         data-buttons-position=\"bottom\">      <div id=\"bwg_container2_0\">             <div id=\"ajax_loading_0\" class=\"bwg_loading_div_1\">      <div class=\"bwg_loading_div_2\">        <div class=\"bwg_loading_div_3\">          <div id=\"loading_div_0\" class=\"bwg_spider_ajax_loading\">          <\/div>        <\/div>      <\/div>    <\/div>            <form id=\"gal_front_form_0\"              class=\"bwg-hidden\"              method=\"post\"              action=\"#\"              data-current=\"0\"              data-shortcode-id=\"2\"              data-gallery-type=\"thumbnails\"              data-gallery-id=\"5\"              data-tag=\"0\"              data-album-id=\"0\"              data-theme-id=\"1\"              data-ajax-url=\"https:\/\/drraulperez.com\/wp-admin\/admin-ajax.php?action=bwg_frontend_data\">          <div id=\"bwg_container3_0\" class=\"bwg-background bwg-background-0\">                <div data-max-count=\"2\"         data-thumbnail-width=\"180\"         data-bwg=\"0\"         data-gallery-id=\"5\"         data-lightbox-url=\"https:\/\/drraulperez.com\/wp-admin\/admin-ajax.php?action=GalleryBox&amp;current_view=0&amp;gallery_id=5&amp;tag=0&amp;theme_id=1&amp;shortcode_id=2&amp;sort_by=order&amp;order_by=asc&amp;current_url=%2Fen%2Fwp-json%2Fwp%2Fv2%2Fpages%2F320\"         id=\"bwg_thumbnails_0\"         class=\"bwg-container-0 bwg-thumbnails bwg-standard-thumbnails bwg-container bwg-border-box\">            <div class=\"bwg-item\">        <a class=\"bwg-a \"  data-elementor-open-lightbox=\"no\">                <div class=\"bwg-item0 \">          <div class=\"bwg-item1 \">            <div class=\"bwg-item2\">              <img decoding=\"async\" class=\"skip-lazy bwg_standart_thumb_img_0 \"                   data-id=\"25\"                   data-width=\"\"                   data-height=\"\"                   data-src=\"https:\/\/drraulperez.com\/wp-content\/uploads\/photo-gallery\/thumb\/aumento-4.jpg\"                   src=\"https:\/\/drraulperez.com\/wp-content\/uploads\/photo-gallery\/thumb\/aumento-4.jpg\"                   alt=\"aumento-4\"                   title=\"aumento-4\" \/>            <\/div>            <div class=\"\">                                                      <\/div>          <\/div>        <\/div>                        <\/a>              <\/div>            <div class=\"bwg-item\">        <a class=\"bwg-a \"  data-elementor-open-lightbox=\"no\">                <div class=\"bwg-item0 \">          <div class=\"bwg-item1 \">            <div class=\"bwg-item2\">              <img decoding=\"async\" class=\"skip-lazy bwg_standart_thumb_img_0 \"                   data-id=\"28\"                   data-width=\"\"                   data-height=\"\"                   data-src=\"https:\/\/drraulperez.com\/wp-content\/uploads\/photo-gallery\/thumb\/abdomen-lipo-aumento2.jpg\"                   src=\"https:\/\/drraulperez.com\/wp-content\/uploads\/photo-gallery\/thumb\/abdomen-lipo-aumento2.jpg\"                   alt=\"abdomen-lipo-aumento2\"                   title=\"abdomen-lipo-aumento2\" \/>            <\/div>            <div class=\"\">                                                      <\/div>          <\/div>        <\/div>                        <\/a>              <\/div>            <div class=\"bwg-item\">        <a class=\"bwg-a \"  data-elementor-open-lightbox=\"no\">                <div class=\"bwg-item0 \">          <div class=\"bwg-item1 \">            <div class=\"bwg-item2\">              <img decoding=\"async\" class=\"skip-lazy bwg_standart_thumb_img_0 \"                   data-id=\"26\"                   data-width=\"\"                   data-height=\"\"                   data-src=\"https:\/\/drraulperez.com\/wp-content\/uploads\/photo-gallery\/thumb\/liposuccion2.jpg\"                   src=\"https:\/\/drraulperez.com\/wp-content\/uploads\/photo-gallery\/thumb\/liposuccion2.jpg\"                   alt=\"liposuccion2\"                   title=\"liposuccion2\" \/>            <\/div>            <div class=\"\">                                                      <\/div>          <\/div>        <\/div>                        <\/a>              <\/div>            <div class=\"bwg-item\">        <a class=\"bwg-a \"  data-elementor-open-lightbox=\"no\">                <div class=\"bwg-item0 \">          <div class=\"bwg-item1 \">            <div class=\"bwg-item2\">              <img decoding=\"async\" class=\"skip-lazy bwg_standart_thumb_img_0 \"                   data-id=\"27\"                   data-width=\"\"                   data-height=\"\"                   data-src=\"https:\/\/drraulperez.com\/wp-content\/uploads\/photo-gallery\/thumb\/face-lifting-y-blefaro.jpg\"                   src=\"https:\/\/drraulperez.com\/wp-content\/uploads\/photo-gallery\/thumb\/face-lifting-y-blefaro.jpg\"                   alt=\"face-lifting-y-blefaro\"                   title=\"face-lifting-y-blefaro\" \/>            <\/div>            <div class=\"\">                                                      <\/div>          <\/div>        <\/div>                        <\/a>              <\/div>          <\/div>              <\/div>        <\/form>              <\/div>    <\/div>    <script>      if (document.readyState === 'complete') {        if( typeof bwg_main_ready == 'function' ) {          if ( jQuery(\"#bwg_container1_0\").height() ) {            bwg_main_ready(jQuery(\"#bwg_container1_0\"));          }        }      } else {        document.addEventListener('DOMContentLoaded', function() {          if( typeof bwg_main_ready == 'function' ) {            if ( jQuery(\"#bwg_container1_0\").height() ) {             bwg_main_ready(jQuery(\"#bwg_container1_0\"));            }          }        });      }    <\/script>    \n[\/vc_column_text][vc_btn title=&#8221;See more Photos&#8221; style=&#8221;custom&#8221; custom_background=&#8221;#69c6e8&#8243; custom_text=&#8221;#ffffff&#8221; align=&#8221;center&#8221; link=&#8221;url:http%3A%2F%2Fdrraulperez.com%2Fen%2Fphoto-gallery%2F||&#8221;][\/vc_column][\/vc_row]\n","protected":false},"excerpt":{"rendered":"<p>[vc_row full_width=&#8221;stretch_row&#8221; center_row=&#8221;yes&#8221; typography_style=&#8221;white&#8221; bg_color=&#8221;#69c6e8&#8243; margin_bottom=&#8221;40&#8243; margin_top=&#8221;-30&#8243;][vc_column][vc_column_text css=&#8221;.vc_custom_1448891916232{padding-top: 20px !important;}&#8221;] We highlight the beauty in you! Discover all our procedures. [\/vc_column_text][\/vc_column][\/vc_row][vc_row][vc_column width=&#8221;1\/4&#8243;][vc_single_image image=&#8221;45&#8243; img_size=&#8221;full&#8221; alignment=&#8221;center&#8221; onclick=&#8221;custom_link&#8221; link=&#8221;http:\/\/drraulperez.com\/en\/facial-rejuvenation-surgery\/&#8221;][vc_column_text css=&#8221;.vc_custom_1448893805225{margin-bottom: 10px !important;}&#8221;] Facial Rejuvenation Face Lifting (Rhytidoplasty), Blepharoplasty (Eyelids), Rhinoplasty (Nose), Otoplasty&hellip;<\/p>\n","protected":false},"author":2,"featured_media":0,"parent":0,"menu_order":0,"comment_status":"closed","ping_status":"closed","template":"","meta":{"footnotes":""},"aioseo_notices":[],"_links":{"self":[{"href":"https:\/\/drraulperez.com\/en\/wp-json\/wp\/v2\/pages\/320"}],"collection":[{"href":"https:\/\/drraulperez.com\/en\/wp-json\/wp\/v2\/pages"}],"about":[{"href":"https:\/\/drraulperez.com\/en\/wp-json\/wp\/v2\/types\/page"}],"author":[{"embeddable":true,"href":"https:\/\/drraulperez.com\/en\/wp-json\/wp\/v2\/users\/2"}],"replies":[{"embeddable":true,"href":"https:\/\/drraulperez.com\/en\/wp-json\/wp\/v2\/comments?post=320"}],"version-history":[{"count":10,"href":"https:\/\/drraulperez.com\/en\/wp-json\/wp\/v2\/pages\/320\/revisions"}],"predecessor-version":[{"id":398,"href":"https:\/\/drraulperez.com\/en\/wp-json\/wp\/v2\/pages\/320\/revisions\/398"}],"wp:attachment":[{"href":"https:\/\/drraulperez.com\/en\/wp-json\/wp\/v2\/media?parent=320"}],"curies":[{"name":"wp","href":"https:\/\/api.w.org\/{rel}","templated":true}]}}