{"id":290,"date":"2015-11-26T21:12:49","date_gmt":"2015-11-27T01:12:49","guid":{"rendered":"http:\/\/drraulperez.com\/en\/?page_id=290"},"modified":"2015-12-10T19:37:57","modified_gmt":"2015-12-10T23:37:57","slug":"dr-raul-perez-pimentel","status":"publish","type":"page","link":"https:\/\/drraulperez.com\/en\/dr-raul-perez-pimentel\/","title":{"rendered":"Dr. Raul Perez Pimentel"},"content":{"rendered":"[vc_row][vc_column][vc_column_text]\n<p style=\"text-align: justify;\"><img loading=\"lazy\" decoding=\"async\" class=\"size-full wp-image-75 alignleft\" src=\"http:\/\/drraulperez.com\/wp-content\/uploads\/2015\/09\/foto-dr-borrar.jpg\" alt=\"foto-dr-borrar\" width=\"200\" height=\"261\" \/><\/p>\n<p style=\"text-align: justify;\">Dr. Ra\u00fal Alexander P\u00e9rez Pimentel was graduated from med school at Pontificia Universidad Catolica Madre y Maestra (PUCMM) in 2003.<\/p>\n<p style=\"text-align: justify;\">In 2004 he performed the Internship year as a volunteer in the Instituto Oncol\u00f3gico Regional del Cibao.<\/p>\n<p style=\"text-align: justify;\">Then he entered to Santa Casa Da Miseric\u00f3rdia hospital in Rio De Janeiro, Brazil, where he completed two years of General Surgery (2005-2007) and three years of Plastic and Reconstructive Hand Surgery (2007-2010). Both post-degrees are certified by Centro De Estudos Da Santa Casa (Cesanta).<\/p>\n<p style=\"text-align: justify;\">He is currently a member of the staff of Plastic Surgeons at Hospital Metropolitano de Santiago (HOMS) and Cl\u00ednica Dr. Bonilla; wich are located in Santiago, Dominican Republic.<\/p>\n<p style=\"text-align: justify;\">Dr. Ra\u00fal P\u00e9rez is a member of the Colegio M\u00e9dico Dominicano (CMD) and Sociedad Dominicana de Cirug\u00eda Pl\u00e1stica y Reconstructiva (SODOCIPRE).<\/p>\n<p style=\"text-align: justify;\"><img loading=\"lazy\" decoding=\"async\" class=\"alignleft size-full wp-image-178\" src=\"http:\/\/drraulperez.com\/wp-content\/uploads\/2015\/09\/sociedades-logosNUEVOS.jpg\" alt=\"sociedades-logosNUEVOS\" width=\"681\" height=\"125\" srcset=\"https:\/\/drraulperez.com\/wp-content\/uploads\/2015\/09\/sociedades-logosNUEVOS.jpg 681w, https:\/\/drraulperez.com\/wp-content\/uploads\/2015\/09\/sociedades-logosNUEVOS-300x55.jpg 300w\" sizes=\"(max-width: 681px) 100vw, 681px\" \/><\/p>\n[\/vc_column_text][\/vc_column][\/vc_row][vc_row][vc_column][vc_tta_accordion style=&#8221;flat&#8221; shape=&#8221;square&#8221; color=&#8221;peacoc&#8221; active_section=&#8221;5&#8243; no_fill=&#8221;true&#8221; collapsible_all=&#8221;true&#8221;][vc_tta_section i_icon_fontawesome=&#8221;fa fa-plus-circle&#8221; title=&#8221;Complete Curriculum&#8221; tab_id=&#8221;1449431021272-eceb1e3e-33d2&#8243; add_icon=&#8221;true&#8221;][vc_column_text]College Degrees<\/p>\n<p>&#8211; Formed as Doctor in Medicine by Pontificia Universidad Cat\u00f3lica Madre y Maestra (PUCMM). Santiago, Dominican Republic (1995-2003).<\/p>\n<p>Postgraduate<\/p>\n<p>&#8211; Postgraduate &#8211; General Surgery (2 years), at Hospital Santa Casa de Misericordia de Rio de Janeiro -SCMRJ. 10\u00ba Enfermer\u00eda- Dr. Oscar Brand\u00e3o Lira (January 2005 \/ December 2006).<\/p>\n<p>&#8211; Postgraduate Plastic and Hand Reconstructive surgery (3 years) at Hospital Santa Casa de Misericordia de Rio de Janeiro \u2013SCMRJ. 11\u00ba Enfermer\u00eda- Dr. Jos\u00e9 de Gervais Vieira Filho (2007-2010).<\/p>\n<p>-Postgraduate Lato sensu en Medicine And Aesthetic Plastic Surgery (2 years) at Universidade Veiga de Almeida, Rio de Janeiro (11 de Marzo del 2006 al 6 de Marzo del 2008).<\/p>\n<p>Other Courses Completed<\/p>\n<p>&#8211; Curso de actualizaci\u00f3n diplom\u00e1tica y consular para funcionarios designados en el servicio exterior, SEREX, Santo Domingo, Rep\u00fablica Dominicana (4-18 de November 2004).<\/p>\n<p>&#8211; V curso de educaci\u00f3n m\u00e9dica continuada en cirug\u00eda general, M\u00f3dulo \u2013 Cirug\u00eda video laparosc\u00f3pica. F\u00f3rum, CREMERJ. Rio de janeiro ( 02 April del 2005 ).<\/p>\n<p>&#8211; V curso de educaci\u00f3n m\u00e9dica continuada de cirug\u00eda general, Modulo \u2013 Emergencias abdominales no quir\u00fargicas. F\u00f3rum, CREMERJ. Rio de Janeiro (07 de May del 2005).<\/p>\n<p>&#8211; XXVI Congreso Brasile\u00f1o de Cirug\u00eda en Rio de Janeiro (5 al 9 de June del 2005).<\/p>\n<p>&#8211; VI Workshop Ageless de Bioplastia realizado por la SBMCPE en Rio de Janeiro (27 de May del 2006).<\/p>\n<p>&#8211; II Workshop de Toxina Botul\u00ednica realizado por la SBMCPE en Rio de Janeiro (8 de July del 2006).<\/p>\n<p>&#8211; I Congreso del DESC realizado por la SBCP en S\u00e3o Paulo (3 de February del 2007).<\/p>\n<p>&#8211; III Jornada de Cirug\u00eda Pl\u00e1stica de B\u00fazios realizada por la SBCP en Rio de Janeiro (1 al 3 de Marzo del 2007).<\/p>\n<p>&#8211; Curso Integrado de los Servicios Acreditados por la Sociedad Brasile\u00f1a de Cirug\u00eda Pl\u00e1stica (SBCP) -Regional Rio de Janeiro- CBC- carga horaria de 3 horas semanal (19:00h-22:00h) con una carga horaria total de 105 horas (7 de March al 28 de November del 2007).<\/p>\n<p>&#8211; \u201cCurso Pr\u00e1ctico de Implantes Mamarios\u201d realizado por la asociaci\u00f3n de los Ex\u00adAlumnos del profesor Ivo Pitanguy (AEXPI) en Rio de Janeiro el d\u00eda 5 May 2007.<\/p>\n<p>&#8211; XXVI Jornada Carioca de Cirug\u00eda Pl\u00e1stica realizada por la SBCP, Rio de Janeiro (1 al 4 de August del 2007).<\/p>\n<p>&#8211; IX Curso de Lesiones Traum\u00e1ticas de la mano con una carga horaria de 9 horas realizado en el Hospital Universitario Pedro Ernesto (HUPE), Rio de Janeiro (1 de September del 2007).<\/p>\n<p>&#8211; Curso integrado de los Servicios Acreditados por la Sociedad Brasile\u00f1a de Cirug\u00eda Pl\u00e1stica (SBCP) \u2013Regional Rio de Janeiro-CBC-carga horaria de 3 horas semanal (19:00h-22:00h) con una carga horaria total de 105 horas (5 de Marzo al 26 de November de 2008).<\/p>\n<p>&#8211; III congreso Brasile\u00f1o de Fisura Labio-Palatina de la Operaci\u00f3n SORRISO de Brasil, Rio de Janeiro (23 de April del 2008).<\/p>\n<p>&#8211; XVI Encuentro de la asociaci\u00f3n de los Ex-Alumnos del Profesor Ivo Pitanguy (AEXPI), Rio de Janeiro (15 al 17 de May del 2008).<\/p>\n<p>&#8211; XXVIII Congreso Brasile\u00f1o de Cirug\u00eda de la Mano, Ribeir\u00e3o Preto- SP (May del 2008).<\/p>\n<p>&#8211; IV Simposio de Mu\u00f1eca y Mano Y Encuentro de la Regional- ABCMRJ, Rio de Janeiro (16 de August del 2008).<\/p>\n<p>&#8211; III Jornada Carioca -Mano\/ Pie- SBOT-RJ, Rio de Janeiro (5 y 6 de September del 2008).<\/p>\n<p>&#8211; II Simposio de Emergencia en Cirug\u00eda Pl\u00e1stica, Cl\u00ednica S\u00e3o Vicente, Rio de Janeiro (22 de November del 2008).<\/p>\n<p>&#8211; Curso integrado de los Servicios Acreditados por la Sociedad Brasile\u00f1a de Cirug\u00eda Pl\u00e1stica (SBCP) \u2013Regional Rio de Janeiro-CBC-carga horaria de 3 horas semanal (19:00h-22:00h) con una carga horaria total de 105 horas (4 March- 25 de November 2009).<\/p>\n<p>&#8211; V Jornada de Cirug\u00eda Pl\u00e1stica de B\u00fazios, Rio de Janeiro (16- 18 de April 2009).<\/p>\n<p>&#8211; Annual Meeting of the American Society for Aesthetic Plastic Surgery, Las Vegas, nevada, EUA (2 -7 May 2009).<\/p>\n<p>&#8211; I Curso de Anatom\u00eda Aplicada a Cirug\u00eda Pl\u00e1stica y a la Expansi\u00f3n de los Tejidos, SILIMED, Rio de janeiro (10 al 11 de July del 2009).<\/p>\n<p>&#8211; XXVIII Jornada Carioca de Cirug\u00eda Pl\u00e1stica, Rio de Janeiro (5 -8 de August del 2009).<\/p>\n<p>&#8211; II Simposio FACES DA FACE, aulas pr\u00e1cticas de cirug\u00eda est\u00e9tica profunda del rostro y procedimientos est\u00e9ticos con carga horaria de 20 horas, S\u00e3o Paulo (19- 20 de September 2009).<\/p>\n<p>&#8211; 27th Annual Dallas Rhinoplasty Symposium, Texas, EUA, (5 &#8211; 7 March del<\/p>\n<p>.[\/vc_column_text][\/vc_tta_section][\/vc_tta_accordion][\/vc_column][\/vc_row]\n","protected":false},"excerpt":{"rendered":"<p>[vc_row][vc_column][vc_column_text] Dr. Ra\u00fal Alexander P\u00e9rez Pimentel was graduated from med school at Pontificia Universidad Catolica Madre y Maestra (PUCMM) in 2003. In 2004 he performed the Internship year as a volunteer in the Instituto Oncol\u00f3gico Regional del Cibao. Then he&hellip;<\/p>\n","protected":false},"author":2,"featured_media":0,"parent":0,"menu_order":0,"comment_status":"closed","ping_status":"closed","template":"","meta":{"footnotes":""},"aioseo_notices":[],"_links":{"self":[{"href":"https:\/\/drraulperez.com\/en\/wp-json\/wp\/v2\/pages\/290"}],"collection":[{"href":"https:\/\/drraulperez.com\/en\/wp-json\/wp\/v2\/pages"}],"about":[{"href":"https:\/\/drraulperez.com\/en\/wp-json\/wp\/v2\/types\/page"}],"author":[{"embeddable":true,"href":"https:\/\/drraulperez.com\/en\/wp-json\/wp\/v2\/users\/2"}],"replies":[{"embeddable":true,"href":"https:\/\/drraulperez.com\/en\/wp-json\/wp\/v2\/comments?post=290"}],"version-history":[{"count":7,"href":"https:\/\/drraulperez.com\/en\/wp-json\/wp\/v2\/pages\/290\/revisions"}],"predecessor-version":[{"id":399,"href":"https:\/\/drraulperez.com\/en\/wp-json\/wp\/v2\/pages\/290\/revisions\/399"}],"wp:attachment":[{"href":"https:\/\/drraulperez.com\/en\/wp-json\/wp\/v2\/media?parent=290"}],"curies":[{"name":"wp","href":"https:\/\/api.w.org\/{rel}","templated":true}]}}